{"id":16333,"date":"2026-03-19T15:36:43","date_gmt":"2026-03-19T15:36:43","guid":{"rendered":"https:\/\/embobaperu.com\/?post_type=product&#038;p=16333"},"modified":"2026-03-22T19:22:06","modified_gmt":"2026-03-22T19:22:06","slug":"box-acalia","status":"publish","type":"product","link":"https:\/\/embobaperu.com\/index.php\/producto\/box-acalia\/","title":{"rendered":"Box Acalia"},"content":{"rendered":"<div>\n<p>&nbsp;<\/p>\n<\/div>\n<p>Box circular con 20 tulipanes.<\/p>\n<p>Globo met\u00e1lico coraz\u00f3n dise\u00f1o amor o cumplea\u00f1os.<\/p>\n<p>Tarjeta con dedicatoria.<\/p>\n","protected":false},"excerpt":{"rendered":"<p>&nbsp; Box circular con 20 tulipanes. Globo met\u00e1lico coraz\u00f3n dise\u00f1o amor o cumplea\u00f1os. Tarjeta con dedicatoria.<\/p>\n","protected":false},"featured_media":16334,"comment_status":"open","ping_status":"closed","template":"","meta":[],"product_brand":[],"product_cat":[109,20,76],"product_tag":[],"class_list":{"0":"post-16333","1":"product","2":"type-product","3":"status-publish","4":"has-post-thumbnail","6":"product_cat-box-naturales","7":"product_cat-flores","8":"product_cat-naturales","10":"first","11":"instock","12":"sale","13":"shipping-taxable","14":"purchasable","15":"product-type-simple"},"_links":{"self":[{"href":"https:\/\/embobaperu.com\/index.php\/wp-json\/wp\/v2\/product\/16333","targetHints":{"allow":["GET"]}}],"collection":[{"href":"https:\/\/embobaperu.com\/index.php\/wp-json\/wp\/v2\/product"}],"about":[{"href":"https:\/\/embobaperu.com\/index.php\/wp-json\/wp\/v2\/types\/product"}],"replies":[{"embeddable":true,"href":"https:\/\/embobaperu.com\/index.php\/wp-json\/wp\/v2\/comments?post=16333"}],"version-history":[{"count":1,"href":"https:\/\/embobaperu.com\/index.php\/wp-json\/wp\/v2\/product\/16333\/revisions"}],"predecessor-version":[{"id":16335,"href":"https:\/\/embobaperu.com\/index.php\/wp-json\/wp\/v2\/product\/16333\/revisions\/16335"}],"wp:featuredmedia":[{"embeddable":true,"href":"https:\/\/embobaperu.com\/index.php\/wp-json\/wp\/v2\/media\/16334"}],"wp:attachment":[{"href":"https:\/\/embobaperu.com\/index.php\/wp-json\/wp\/v2\/media?parent=16333"}],"wp:term":[{"taxonomy":"product_brand","embeddable":true,"href":"https:\/\/embobaperu.com\/index.php\/wp-json\/wp\/v2\/product_brand?post=16333"},{"taxonomy":"product_cat","embeddable":true,"href":"https:\/\/embobaperu.com\/index.php\/wp-json\/wp\/v2\/product_cat?post=16333"},{"taxonomy":"product_tag","embeddable":true,"href":"https:\/\/embobaperu.com\/index.php\/wp-json\/wp\/v2\/product_tag?post=16333"}],"curies":[{"name":"wp","href":"https:\/\/api.w.org\/{rel}","templated":true}]}}